{"id":1391,"date":"2017-10-11T05:24:39","date_gmt":"2017-10-11T05:24:39","guid":{"rendered":"http:\/\/apressthemes.com\/demo35\/?page_id=1391"},"modified":"2025-07-09T15:17:33","modified_gmt":"2025-07-09T15:17:33","slug":"nosotros","status":"publish","type":"page","link":"https:\/\/sodiac.cl\/?page_id=1391","title":{"rendered":"Nosotros"},"content":{"rendered":"<section class=\"wpb-content-wrapper\"><p>[vc_row full_width=\u00bbstretch_row\u00bb bg_type=\u00bbimage\u00bb parallax_style=\u00bbvcpb-default\u00bb bg_image_new=\u00bbid^1557|url^https:\/\/sodiac.cl\/newweb\/wp-content\/uploads\/2017\/10\/bg3-1-1.jpg|caption^null|alt^null|title^bg3|description^null\u00bb bg_image_repeat=\u00bbno-repeat\u00bb bg_override=\u00bbex-full\u00bb parallax_content=\u00bbparallax_content_value\u00bb parallax_content_sense=\u00bb1&#8243; enable_overlay=\u00bbenable_overlay_value\u00bb overlay_color=\u00bbrgba(30,29,29,0.56)\u00bb css=\u00bb.vc_custom_1629632851897{padding-top: 100px !important;padding-bottom: 100px !important;}\u00bb][vc_column css=\u00bb.vc_custom_1473430252985{padding-top: 100px !important;padding-bottom: 100px !important;}\u00bb][apress_heading sub_title=\u00bbA\u00d1OS ENTREGANDO LO MEJOR EN ACERO INOXIDABLE\u00bb delimiter_style=\u00bbicon\u00bb icon_family=\u00bbfontawesome\u00bb icon_fontawesome=\u00bbfa fa-heart\u00bb delimiter_icon_size=\u00bb32&#8243; color_scheme=\u00bbdesign_your_own\u00bb main_heading_color=\u00bb#ffffff\u00bb style=\u00bbheading_style5&#8243; title_font_options=\u00bbtag:h1|font_size:50|line_height:60|letter_spacing:1&#8243; subtitle_font_options=\u00bbtag:div|font_size:35|color:%23ffffff|line_height:50|letter_spacing:1&#8243; heading_margin=\u00bbmargin-bottom:25&#8243; icon_color=\u00bb#ffffff\u00bb subheading_margin=\u00bbmargin-top:25&#8243;]SOMOS SODIAC[\/apress_heading][\/vc_column][\/vc_row][vc_row css=\u00bb.vc_custom_1500711982147{padding-top: 70px !important;padding-bottom: 120px !important;}\u00bb][vc_column width=\u00bb1\/2&#8243;][apress_heading sub_title=\u00bbSOMOS SODIAC\u00bb content_alignment=\u00bbleft\u00bb enable_delimiter=\u00bb\u00bb style=\u00bbheading_style2&#8243; title_font_options=\u00bbtag:h1|font_size:50|line_height:60|letter_spacing:1&#8243; subtitle_font_options=\u00bbtag:div|color:%23aaaaaa\u00bb heading_margin=\u00bbmargin-bottom:50&#8243;]Sociedad Distribuidora de Aceros Ltda.[\/apress_heading][vc_column_text]<\/p>\n<p class=\"p1\"><span class=\"s1\">Creada en el a\u00f1o <\/span><span class=\"s2\"><b>1976<\/b><\/span><span class=\"s1\">, siendo una de las empresas <\/span><span class=\"s2\"><b>pioneras de Acero Inoxidable en Chile,<\/b><\/span><span class=\"s1\"> basada en pilares de<\/span><span class=\"s3\"> <b>Calidad<\/b>, <b>Atenci\u00f3n<\/b> y <b>Rapidez<\/b><\/span><\/p>\n<p class=\"p1\"><span class=\"s1\">Los Materiales que comercializa <b>SODIAC<\/b>, <b>cumplen con los m\u00e1s altos est\u00e1ndares de Calidad<\/b>, teniendo los mejores proveedores de acero inoxidable a nivel internacional cuya procedencia es de <b>Alemania, Italia, Francia, B\u00e9lgica, Espa\u00f1a, China, Taiw\u00e1n, India, Brasil, Jap\u00f3n, Sud\u00e1frica, y USA<\/b>. Adem\u00e1s, Sodiac realiza rigurosos controles de calidad al momento de la recepci\u00f3n de mercader\u00eda.<\/span><\/p>\n<p class=\"p1\"><span class=\"s1\">A partir de las problem\u00e1ticas identificadas por nuestros <\/span><span class=\"s2\"><b>clientes en zona sur<\/b><\/span><span class=\"s1\">, se <\/span><span class=\"s2\"><b>constituye SODIAC Puerto Montt<\/b><\/span><span class=\"s1\">, buscando el crecimiento sostenible mediante abastecimiento constante.<\/span><\/p>\n<p>[\/vc_column_text][\/vc_column][vc_column width=\u00bb1\/2&#8243;][vc_empty_space height=\u00bb90px\u00bb]<div id=\"ultimate-heading-89169eb77e257100\" class=\"uvc-heading ult-adjust-bottom-margin ultimate-heading-89169eb77e257100 uvc-8337 \" data-hspacer=\"no_spacer\"  data-halign=\"left\" style=\"text-align:left\"><div class=\"uvc-heading-spacer no_spacer\" style=\"top\"><\/div><div class=\"uvc-sub-heading ult-responsive\"  data-ultimate-target='.uvc-heading.ultimate-heading-89169eb77e257100 .uvc-sub-heading '  data-responsive-json-new='{\"font-size\":\"desktop:20px;tablet:16px;tablet_portrait:16px;mobile_landscape:16px;mobile:16px;\",\"line-height\":\"desktop:30px;tablet:25px;tablet_portrait:25px;mobile_landscape:25px;mobile:25px;\"}'  style=\"font-weight:normal;margin-bottom:10px;\"><\/p>\n<h1>EXPERTOS EN ACERO INOXIDABLE<\/h1>\n<p><\/div><\/div>[vc_single_image image=\u00bb1812&#8243; img_size=\u00bbfull\u00bb alignment=\u00bbright\u00bb][\/vc_column][\/vc_row][vc_row equal_height=\u00bbyes\u00bb css=\u00bb.vc_custom_1500711911012{padding-top: 100px !important;padding-right: 5% !important;padding-bottom: 100px !important;padding-left: 5% !important;}\u00bb][vc_column width=\u00bb1\/3&#8243;]<div class=\"flip-box-wrap\" style=\"\"><div class=\"flip-box ifb-jq-height  horizontal_flip_left flip-ifb-jq-height\" data-animation=\"\" data-animation-delay=\"03\" style=\"\" ><div class=\"ifb-flip-box\" id=\"flip-box-wrap-6070\"><div class=\"ifb-face ifb-front \" style=\"color:#5b5b5b;background:#ffffff; border-style: solid;border-width: 1px; border-color:#e4e4e4; \">\r\n\t\t\t\t\t\t\t<div class=\"ifb-flip-box-section \">\r\n\t\t\t\t\t\t\t<div class=\"flip-box-icon\"><div class=\"ult-just-icon-wrapper  \"><div class=\"align-icon\" style=\"text-align:center;\">\n<div class=\"aio-icon none \"  style=\"color:#02b738;font-size:35px;display:inline-block;\">\n\t<i class=\"Defaults-truck\"><\/i>\n<\/div><\/div><\/div><\/div><h3 class=\"ult-responsive flipbox_heading\"  data-ultimate-target=&#039;#flip-box-wrap-6070 .ult-responsive.flipbox_heading&#039;  data-responsive-json-new=&#039;{&quot;font-size&quot;:&quot;&quot;,&quot;line-height&quot;:&quot;&quot;}&#039;  style=\"color:#5b5b5b; font-weight:bold;\">DESPACHOS A TODO CHILE<\/h3><div class=\"ifb-flip-box-section-content ult-responsive\"  data-ultimate-target=&#039;#flip-box-wrap-6070 .ifb-flip-box-section-content.ult-responsive&#039;  data-responsive-json-new=&#039;{&quot;font-size&quot;:&quot;&quot;,&quot;line-height&quot;:&quot;&quot;}&#039;  style=\"color:#5b5b5b;\"><p>Nuestro compromiso es llegar a m\u00e1s personas en todo Chile.<\/p><\/div><\/div><\/div><!-- END .front -->\r\n\t\t\t\t\t\t<div class=\"ifb-face ifb-back\" style=\"color:#5b5b5b;background:#ffffff; border-style: solid;border-width: 1px; border-color:#eaeaea; \">\r\n\t\t\t\t\t\t\t<div class=\"ifb-flip-box-section \"><h3 class=\"ult-responsive flipbox_heading\"  data-ultimate-target=&#039;#flip-box-wrap-6070 .ult-responsive.flipbox_heading&#039;  data-responsive-json-new=&#039;{&quot;font-size&quot;:&quot;&quot;,&quot;line-height&quot;:&quot;&quot;}&#039;  style=\"color:#5b5b5b; font-weight:bold;\">Sodiac<\/h3><div class=\"ifb-desc-back\"><div class=\"ifb-flip-box-section-content ult-responsive\"  data-ultimate-target=&#039;#flip-box-wrap-6070 .ifb-flip-box-section-content.ult-responsive&#039;  data-responsive-json-new=&#039;{&quot;font-size&quot;:&quot;&quot;,&quot;line-height&quot;:&quot;&quot;}&#039;  style=\"color:#5b5b5b;\"><p>Contamos con un proceso log\u00edstico que nos permite llegar a todo Chile de manera directa o indirecta.<\/p><\/div><\/div><div class=\"flip_link\"><a href=\"#\"  style=\"background:#02b738; color:#ffffff;\">\u00a1Cotiza ahora!<\/a><\/div><\/div><\/div><!-- END .back --><\/div> <!-- ifb-flip-box --><\/div> <!-- flip-box --><\/div><!-- End icon block -->[\/vc_column][vc_column width=\u00bb1\/3&#8243;]<div class=\"flip-box-wrap\" style=\"\"><div class=\"flip-box ifb-jq-height  horizontal_flip_left flip-ifb-jq-height\" data-animation=\"\" data-animation-delay=\"03\" style=\"\" ><div class=\"ifb-flip-box\" id=\"flip-box-wrap-4551\"><div class=\"ifb-face ifb-front \" style=\"color:#5b5b5b;background:#ffffff; border-style: solid;border-width: 1px; border-color:#e4e4e4; \">\r\n\t\t\t\t\t\t\t<div class=\"ifb-flip-box-section \">\r\n\t\t\t\t\t\t\t<div class=\"flip-box-icon\"><div class=\"ult-just-icon-wrapper  \"><div class=\"align-icon\" style=\"text-align:center;\">\n<div class=\"aio-icon none \"  style=\"color:#02b738;font-size:35px;display:inline-block;\">\n\t<i class=\"Defaults-cc-mastercard\"><\/i>\n<\/div><\/div><\/div><\/div><h3 class=\"ult-responsive flipbox_heading\"  data-ultimate-target=&#039;#flip-box-wrap-4551 .ult-responsive.flipbox_heading&#039;  data-responsive-json-new=&#039;{&quot;font-size&quot;:&quot;&quot;,&quot;line-height&quot;:&quot;&quot;}&#039;  style=\"color:#5b5b5b; font-weight:bold;\">TODO MEDIO DE PAGO<\/h3><div class=\"ifb-flip-box-section-content ult-responsive\"  data-ultimate-target=&#039;#flip-box-wrap-4551 .ifb-flip-box-section-content.ult-responsive&#039;  data-responsive-json-new=&#039;{&quot;font-size&quot;:&quot;&quot;,&quot;line-height&quot;:&quot;&quot;}&#039;  style=\"color:#5b5b5b;\"><p>Contamos con diferentes opciones de pago.<\/p><\/div><\/div><\/div><!-- END .front -->\r\n\t\t\t\t\t\t<div class=\"ifb-face ifb-back\" style=\"color:#5b5b5b;background:#ffffff; border-style: solid;border-width: 1px; border-color:#eaeaea; \">\r\n\t\t\t\t\t\t\t<div class=\"ifb-flip-box-section \"><h3 class=\"ult-responsive flipbox_heading\"  data-ultimate-target=&#039;#flip-box-wrap-4551 .ult-responsive.flipbox_heading&#039;  data-responsive-json-new=&#039;{&quot;font-size&quot;:&quot;&quot;,&quot;line-height&quot;:&quot;&quot;}&#039;  style=\"color:#5b5b5b; font-weight:bold;\">Sodiac<\/h3><div class=\"ifb-desc-back\"><div class=\"ifb-flip-box-section-content ult-responsive\"  data-ultimate-target=&#039;#flip-box-wrap-4551 .ifb-flip-box-section-content.ult-responsive&#039;  data-responsive-json-new=&#039;{&quot;font-size&quot;:&quot;&quot;,&quot;line-height&quot;:&quot;&quot;}&#039;  style=\"color:#5b5b5b;\"><p>Contamos una gran variedad de medios de pago que van desde GetNet, Transferencias, WebPay, Cheques y dinero en efectivo.<\/p><\/div><\/div><div class=\"flip_link\"><a href=\"#\"  style=\"background:#02b738; color:#ffffff;\">\u00a1Cotiza Ahora!<\/a><\/div><\/div><\/div><!-- END .back --><\/div> <!-- ifb-flip-box --><\/div> <!-- flip-box --><\/div><!-- End icon block -->[\/vc_column][vc_column width=\u00bb1\/3&#8243;]<div class=\"flip-box-wrap\" style=\"\"><div class=\"flip-box ifb-jq-height  horizontal_flip_left flip-ifb-jq-height\" data-animation=\"\" data-animation-delay=\"03\" style=\"\" ><div class=\"ifb-flip-box\" id=\"flip-box-wrap-4854\"><div class=\"ifb-face ifb-front \" style=\"color:#5b5b5b;background:#ffffff; border-style: solid;border-width: 1px; border-color:#e4e4e4; \">\r\n\t\t\t\t\t\t\t<div class=\"ifb-flip-box-section \">\r\n\t\t\t\t\t\t\t<div class=\"flip-box-icon\"><div class=\"ult-just-icon-wrapper  \"><div class=\"align-icon\" style=\"text-align:center;\">\n<div class=\"aio-icon none \"  style=\"color:#02b738;font-size:35px;display:inline-block;\">\n\t<i class=\"Defaults-street-view\"><\/i>\n<\/div><\/div><\/div><\/div><h3 class=\"ult-responsive flipbox_heading\"  data-ultimate-target=&#039;#flip-box-wrap-4854 .ult-responsive.flipbox_heading&#039;  data-responsive-json-new=&#039;{&quot;font-size&quot;:&quot;&quot;,&quot;line-height&quot;:&quot;&quot;}&#039;  style=\"color:#5b5b5b; font-weight:bold;\">ATENCI\u00d3N PERSONALIZADA<\/h3><div class=\"ifb-flip-box-section-content ult-responsive\"  data-ultimate-target=&#039;#flip-box-wrap-4854 .ifb-flip-box-section-content.ult-responsive&#039;  data-responsive-json-new=&#039;{&quot;font-size&quot;:&quot;&quot;,&quot;line-height&quot;:&quot;&quot;}&#039;  style=\"color:#5b5b5b;\"><p>Atenci\u00f3n personalizada en venta y operaciones.<\/p><\/div><\/div><\/div><!-- END .front -->\r\n\t\t\t\t\t\t<div class=\"ifb-face ifb-back\" style=\"color:#5b5b5b;background:#ffffff; border-style: solid;border-width: 1px; border-color:#eaeaea; \">\r\n\t\t\t\t\t\t\t<div class=\"ifb-flip-box-section \"><h3 class=\"ult-responsive flipbox_heading\"  data-ultimate-target=&#039;#flip-box-wrap-4854 .ult-responsive.flipbox_heading&#039;  data-responsive-json-new=&#039;{&quot;font-size&quot;:&quot;&quot;,&quot;line-height&quot;:&quot;&quot;}&#039;  style=\"color:#5b5b5b; font-weight:bold;\">Sodiac<\/h3><div class=\"ifb-desc-back\"><div class=\"ifb-flip-box-section-content ult-responsive\"  data-ultimate-target=&#039;#flip-box-wrap-4854 .ifb-flip-box-section-content.ult-responsive&#039;  data-responsive-json-new=&#039;{&quot;font-size&quot;:&quot;&quot;,&quot;line-height&quot;:&quot;&quot;}&#039;  style=\"color:#5b5b5b;\"><p>Contamos con personal altamente calificado en el \u00e1rea de ventas y operaciones que te podr\u00e1n asesorar de manera f\u00e1cil para tus proyectos.<\/p><\/div><\/div><div class=\"flip_link\"><a href=\"#\"  style=\"background:#02b738; color:#ffffff;\">\u00a1Cotiza Ahora!<\/a><\/div><\/div><\/div><!-- END .back --><\/div> <!-- ifb-flip-box --><\/div> <!-- flip-box --><\/div><!-- End icon block -->[\/vc_column][\/vc_row][vc_row full_width=\u00bbstretch_row\u00bb bg_type=\u00bbbg_color\u00bb css=\u00bb.vc_custom_1720136220318{padding-top: 90px !important;padding-right: 5% !important;padding-bottom: 115px !important;padding-left: 5% !important;background-color: #8659d6 !important;}\u00bb bg_color_value=\u00bb#02b738&#8243;][vc_column][apress_heading sub_title=\u00bb\u00bb enable_delimiter=\u00bb\u00bb color_scheme=\u00bbdesign_your_own\u00bb main_heading_color=\u00bb#ffffff\u00bb style=\u00bbheading_style2&#8243; title_font_options=\u00bbtag:h1|font_size:50|line_height:60|letter_spacing:1&#8243; subtitle_font_options=\u00bbtag:div|color:%23aaaaaa\u00bb heading_margin=\u00bbmargin-bottom:50&#8243; title_responsive=\u00bbfont_size_tablet:35|line_height_tablet:50|letter_spacing_tablet:1|font_size_mobile:35|line_height_mobile:50|letter_spacing_mobile:1&#8243;]\u00a1Cotiza hoy tus productos!<\/p>\n<p>ventas@sodiac.cl[\/apress_heading][\/vc_column][\/vc_row][vc_row full_width=\u00bbstretch_row\u00bb bg_type=\u00bbimage\u00bb parallax_style=\u00bbvcpb-default\u00bb bg_image_new=\u00bbid^1662|url^https:\/\/sodiac.cl\/newweb\/wp-content\/uploads\/2021\/08\/slider-agency.jpg|caption^null|alt^null|title^slider-agency|description^null\u00bb bg_override=\u00bbex-full\u00bb parallax_content=\u00bbparallax_content_value\u00bb enable_overlay=\u00bbenable_overlay_value\u00bb overlay_color=\u00bbrgba(30,29,29,0.56)\u00bb css=\u00bb.vc_custom_1629632895420{padding-top: 100px !important;padding-bottom: 100px !important;}\u00bb][vc_column css=\u00bb.vc_custom_1473430252985{padding-top: 100px !important;padding-bottom: 100px !important;}\u00bb]<div id=\"ultimate-heading-300969eb77e25749f\" class=\"uvc-heading ult-adjust-bottom-margin ultimate-heading-300969eb77e25749f uvc-5858 \" data-hspacer=\"no_spacer\"  data-halign=\"center\" style=\"text-align:center\"><div class=\"uvc-heading-spacer no_spacer\" style=\"top\"><\/div><div class=\"uvc-main-heading ult-responsive\"  data-ultimate-target='.uvc-heading.ultimate-heading-300969eb77e25749f h2'  data-responsive-json-new='{\"font-size\":\"desktop:40px;tablet:25px;tablet_portrait:20px;mobile_landscape:20px;mobile:20px;\",\"line-height\":\"desktop:60px;tablet:40px;tablet_portrait:30px;mobile_landscape:30px;mobile:30px;\"}' ><h2 style=\"font-weight:normal;color:#ffffff;margin-bottom:20px;\">En Sodiac Ltda., contamos con diferentes medios de pago, usa el que m\u00e1s te acomode.<\/h2><\/div><div class=\"uvc-sub-heading ult-responsive\"  data-ultimate-target='.uvc-heading.ultimate-heading-300969eb77e25749f .uvc-sub-heading '  data-responsive-json-new='{\"font-size\":\"desktop:24px;tablet:20px;tablet_portrait:20px;mobile_landscape:20px;mobile:20px;\",\"line-height\":\"desktop:50px;tablet:20px;tablet_portrait:20px;mobile_landscape:20px;mobile:20px;\"}'  style=\"font-weight:normal;color:#ffffff;\"><em>Equipo Sodiac<\/em><\/div><\/div>[\/vc_column][\/vc_row]<\/p>\n<\/section>","protected":false},"excerpt":{"rendered":"<p>[vc_row full_width=\u00bbstretch_row\u00bb bg_type=\u00bbimage\u00bb parallax_style=\u00bbvcpb-default\u00bb bg_image_new=\u00bbid^1557|url^https:\/\/sodiac.cl\/newweb\/wp-content\/uploads\/2017\/10\/bg3-1-1.jpg|caption^null|alt^null|title^bg3|description^null\u00bb bg_image_repeat=\u00bbno-repeat\u00bb bg_override=\u00bbex-full\u00bb parallax_content=\u00bbparallax_content_value\u00bb parallax_content_sense=\u00bb1&#8243; enable_overlay=\u00bbenable_overlay_value\u00bb overlay_color=\u00bbrgba(30,29,29,0.56)\u00bb css=\u00bb.vc_custom_1629632851897{padding-top: 100px !important;padding-bottom: 100px !important;}\u00bb][vc_column css=\u00bb.vc_custom_1473430252985{padding-top: 100px !important;padding-bottom: 100px !important;}\u00bb][apress_heading sub_title=\u00bbA\u00d1OS ENTREGANDO LO MEJOR EN ACERO INOXIDABLE\u00bb delimiter_style=\u00bbicon\u00bb icon_family=\u00bbfontawesome\u00bb icon_fontawesome=\u00bbfa fa-heart\u00bb delimiter_icon_size=\u00bb32&#8243; color_scheme=\u00bbdesign_your_own\u00bb main_heading_color=\u00bb#ffffff\u00bb style=\u00bbheading_style5&#8243; title_font_options=\u00bbtag:h1|font_size:50|line_height:60|letter_spacing:1&#8243; subtitle_font_options=\u00bbtag:div|font_size:35|color:%23ffffff|line_height:50|letter_spacing:1&#8243; heading_margin=\u00bbmargin-bottom:25&#8243; icon_color=\u00bb#ffffff\u00bb<span class=\"read_more_area\"><a class=\"read-more\" href=\"https:\/\/sodiac.cl\/?page_id=1391\"> Continue Reading <\/a><\/span><\/p>\n","protected":false},"author":1,"featured_media":0,"parent":0,"menu_order":0,"comment_status":"closed","ping_status":"closed","template":"template-fullwidth-page.php","meta":{"footnotes":""},"class_list":["post-1391","page","type-page","status-publish","hentry"],"yoast_head":"<!-- This site is optimized with the Yoast SEO plugin v25.4 - https:\/\/yoast.com\/wordpress\/plugins\/seo\/ -->\n<title>Nosotros - Sodiac<\/title>\n<meta name=\"robots\" content=\"index, follow, max-snippet:-1, max-image-preview:large, max-video-preview:-1\" \/>\n<link rel=\"canonical\" href=\"https:\/\/sodiac.cl\/?page_id=1391\" \/>\n<meta property=\"og:locale\" content=\"es_ES\" \/>\n<meta property=\"og:type\" content=\"article\" \/>\n<meta property=\"og:title\" content=\"Nosotros - Sodiac\" \/>\n<meta property=\"og:description\" content=\"[vc_row full_width=\u00bbstretch_row\u00bb bg_type=\u00bbimage\u00bb parallax_style=\u00bbvcpb-default\u00bb bg_image_new=\u00bbid^1557|url^https:\/\/sodiac.cl\/newweb\/wp-content\/uploads\/2017\/10\/bg3-1-1.jpg|caption^null|alt^null|title^bg3|description^null\u00bb bg_image_repeat=\u00bbno-repeat\u00bb bg_override=\u00bbex-full\u00bb parallax_content=\u00bbparallax_content_value\u00bb parallax_content_sense=\u00bb1&#8243; enable_overlay=\u00bbenable_overlay_value\u00bb overlay_color=\u00bbrgba(30,29,29,0.56)\u00bb css=\u00bb.vc_custom_1629632851897{padding-top: 100px !important;padding-bottom: 100px !important;}\u00bb][vc_column css=\u00bb.vc_custom_1473430252985{padding-top: 100px !important;padding-bottom: 100px !important;}\u00bb][apress_heading sub_title=\u00bbA\u00d1OS ENTREGANDO LO MEJOR EN ACERO INOXIDABLE\u00bb delimiter_style=\u00bbicon\u00bb icon_family=\u00bbfontawesome\u00bb icon_fontawesome=\u00bbfa fa-heart\u00bb delimiter_icon_size=\u00bb32&#8243; color_scheme=\u00bbdesign_your_own\u00bb main_heading_color=\u00bb#ffffff\u00bb style=\u00bbheading_style5&#8243; title_font_options=\u00bbtag:h1|font_size:50|line_height:60|letter_spacing:1&#8243; subtitle_font_options=\u00bbtag:div|font_size:35|color:%23ffffff|line_height:50|letter_spacing:1&#8243; heading_margin=\u00bbmargin-bottom:25&#8243; icon_color=\u00bb#ffffff\u00bb Continue Reading\" \/>\n<meta property=\"og:url\" content=\"https:\/\/sodiac.cl\/?page_id=1391\" \/>\n<meta property=\"og:site_name\" content=\"Sodiac\" \/>\n<meta property=\"article:modified_time\" content=\"2025-07-09T15:17:33+00:00\" \/>\n<meta name=\"twitter:card\" content=\"summary_large_image\" \/>\n<meta name=\"twitter:label1\" content=\"Tiempo de lectura\" \/>\n\t<meta name=\"twitter:data1\" content=\"3 minutos\" \/>\n<script type=\"application\/ld+json\" class=\"yoast-schema-graph\">{\"@context\":\"https:\/\/schema.org\",\"@graph\":[{\"@type\":\"WebPage\",\"@id\":\"https:\/\/sodiac.cl\/?page_id=1391\",\"url\":\"https:\/\/sodiac.cl\/?page_id=1391\",\"name\":\"Nosotros - Sodiac\",\"isPartOf\":{\"@id\":\"https:\/\/sodiac.cl\/#website\"},\"datePublished\":\"2017-10-11T05:24:39+00:00\",\"dateModified\":\"2025-07-09T15:17:33+00:00\",\"breadcrumb\":{\"@id\":\"https:\/\/sodiac.cl\/?page_id=1391#breadcrumb\"},\"inLanguage\":\"es\",\"potentialAction\":[{\"@type\":\"ReadAction\",\"target\":[\"https:\/\/sodiac.cl\/?page_id=1391\"]}]},{\"@type\":\"BreadcrumbList\",\"@id\":\"https:\/\/sodiac.cl\/?page_id=1391#breadcrumb\",\"itemListElement\":[{\"@type\":\"ListItem\",\"position\":1,\"name\":\"Home\",\"item\":\"https:\/\/sodiac.cl\/\"},{\"@type\":\"ListItem\",\"position\":2,\"name\":\"Nosotros\"}]},{\"@type\":\"WebSite\",\"@id\":\"https:\/\/sodiac.cl\/#website\",\"url\":\"https:\/\/sodiac.cl\/\",\"name\":\"Sodiac\",\"description\":\"Expertos en Acero Inoxidable\",\"potentialAction\":[{\"@type\":\"SearchAction\",\"target\":{\"@type\":\"EntryPoint\",\"urlTemplate\":\"https:\/\/sodiac.cl\/?s={search_term_string}\"},\"query-input\":{\"@type\":\"PropertyValueSpecification\",\"valueRequired\":true,\"valueName\":\"search_term_string\"}}],\"inLanguage\":\"es\"}]}<\/script>\n<!-- \/ Yoast SEO plugin. -->","yoast_head_json":{"title":"Nosotros - Sodiac","robots":{"index":"index","follow":"follow","max-snippet":"max-snippet:-1","max-image-preview":"max-image-preview:large","max-video-preview":"max-video-preview:-1"},"canonical":"https:\/\/sodiac.cl\/?page_id=1391","og_locale":"es_ES","og_type":"article","og_title":"Nosotros - Sodiac","og_description":"[vc_row full_width=\u00bbstretch_row\u00bb bg_type=\u00bbimage\u00bb parallax_style=\u00bbvcpb-default\u00bb bg_image_new=\u00bbid^1557|url^https:\/\/sodiac.cl\/newweb\/wp-content\/uploads\/2017\/10\/bg3-1-1.jpg|caption^null|alt^null|title^bg3|description^null\u00bb bg_image_repeat=\u00bbno-repeat\u00bb bg_override=\u00bbex-full\u00bb parallax_content=\u00bbparallax_content_value\u00bb parallax_content_sense=\u00bb1&#8243; enable_overlay=\u00bbenable_overlay_value\u00bb overlay_color=\u00bbrgba(30,29,29,0.56)\u00bb css=\u00bb.vc_custom_1629632851897{padding-top: 100px !important;padding-bottom: 100px !important;}\u00bb][vc_column css=\u00bb.vc_custom_1473430252985{padding-top: 100px !important;padding-bottom: 100px !important;}\u00bb][apress_heading sub_title=\u00bbA\u00d1OS ENTREGANDO LO MEJOR EN ACERO INOXIDABLE\u00bb delimiter_style=\u00bbicon\u00bb icon_family=\u00bbfontawesome\u00bb icon_fontawesome=\u00bbfa fa-heart\u00bb delimiter_icon_size=\u00bb32&#8243; color_scheme=\u00bbdesign_your_own\u00bb main_heading_color=\u00bb#ffffff\u00bb style=\u00bbheading_style5&#8243; title_font_options=\u00bbtag:h1|font_size:50|line_height:60|letter_spacing:1&#8243; subtitle_font_options=\u00bbtag:div|font_size:35|color:%23ffffff|line_height:50|letter_spacing:1&#8243; heading_margin=\u00bbmargin-bottom:25&#8243; icon_color=\u00bb#ffffff\u00bb Continue Reading","og_url":"https:\/\/sodiac.cl\/?page_id=1391","og_site_name":"Sodiac","article_modified_time":"2025-07-09T15:17:33+00:00","twitter_card":"summary_large_image","twitter_misc":{"Tiempo de lectura":"3 minutos"},"schema":{"@context":"https:\/\/schema.org","@graph":[{"@type":"WebPage","@id":"https:\/\/sodiac.cl\/?page_id=1391","url":"https:\/\/sodiac.cl\/?page_id=1391","name":"Nosotros - Sodiac","isPartOf":{"@id":"https:\/\/sodiac.cl\/#website"},"datePublished":"2017-10-11T05:24:39+00:00","dateModified":"2025-07-09T15:17:33+00:00","breadcrumb":{"@id":"https:\/\/sodiac.cl\/?page_id=1391#breadcrumb"},"inLanguage":"es","potentialAction":[{"@type":"ReadAction","target":["https:\/\/sodiac.cl\/?page_id=1391"]}]},{"@type":"BreadcrumbList","@id":"https:\/\/sodiac.cl\/?page_id=1391#breadcrumb","itemListElement":[{"@type":"ListItem","position":1,"name":"Home","item":"https:\/\/sodiac.cl\/"},{"@type":"ListItem","position":2,"name":"Nosotros"}]},{"@type":"WebSite","@id":"https:\/\/sodiac.cl\/#website","url":"https:\/\/sodiac.cl\/","name":"Sodiac","description":"Expertos en Acero Inoxidable","potentialAction":[{"@type":"SearchAction","target":{"@type":"EntryPoint","urlTemplate":"https:\/\/sodiac.cl\/?s={search_term_string}"},"query-input":{"@type":"PropertyValueSpecification","valueRequired":true,"valueName":"search_term_string"}}],"inLanguage":"es"}]}},"_links":{"self":[{"href":"https:\/\/sodiac.cl\/index.php?rest_route=\/wp\/v2\/pages\/1391","targetHints":{"allow":["GET"]}}],"collection":[{"href":"https:\/\/sodiac.cl\/index.php?rest_route=\/wp\/v2\/pages"}],"about":[{"href":"https:\/\/sodiac.cl\/index.php?rest_route=\/wp\/v2\/types\/page"}],"author":[{"embeddable":true,"href":"https:\/\/sodiac.cl\/index.php?rest_route=\/wp\/v2\/users\/1"}],"replies":[{"embeddable":true,"href":"https:\/\/sodiac.cl\/index.php?rest_route=%2Fwp%2Fv2%2Fcomments&post=1391"}],"version-history":[{"count":30,"href":"https:\/\/sodiac.cl\/index.php?rest_route=\/wp\/v2\/pages\/1391\/revisions"}],"predecessor-version":[{"id":2047,"href":"https:\/\/sodiac.cl\/index.php?rest_route=\/wp\/v2\/pages\/1391\/revisions\/2047"}],"wp:attachment":[{"href":"https:\/\/sodiac.cl\/index.php?rest_route=%2Fwp%2Fv2%2Fmedia&parent=1391"}],"curies":[{"name":"wp","href":"https:\/\/api.w.org\/{rel}","templated":true}]}}